{"id":1758,"date":"2022-06-10T09:25:25","date_gmt":"2022-06-10T09:25:25","guid":{"rendered":"https:\/\/www.new.campingdomaso.com\/wohnungen\/ferienwohnungen-direkt-am-see\/"},"modified":"2022-09-23T13:41:31","modified_gmt":"2022-09-23T13:41:31","slug":"ferienwohnungen-direkt-am-see","status":"publish","type":"page","link":"https:\/\/www.new.campingdomaso.com\/de\/wohnungen\/ferienwohnungen-direkt-am-see\/","title":{"rendered":"Ferienwohnungen Direkt am See"},"content":{"rendered":"\t\t<div data-elementor-type=\"wp-page\" data-elementor-id=\"1758\" class=\"elementor elementor-1758 elementor-598\" data-elementor-post-type=\"page\">\n\t\t\t\t\t\t<section class=\"elementor-section elementor-top-section elementor-element elementor-element-6c3acf6 elementor-reverse-mobile elementor-section-boxed elementor-section-height-default elementor-section-height-default\" data-id=\"6c3acf6\" data-element_type=\"section\">\n\t\t\t\t\t\t<div class=\"elementor-container elementor-column-gap-default\">\n\t\t\t\t\t<div class=\"elementor-column elementor-col-100 elementor-top-column elementor-element elementor-element-f8bf49e\" data-id=\"f8bf49e\" data-element_type=\"column\">\n\t\t\t<div class=\"elementor-widget-wrap elementor-element-populated\">\n\t\t\t\t\t\t<div class=\"elementor-element elementor-element-67bff17 elementor-widget elementor-widget-heading\" data-id=\"67bff17\" data-element_type=\"widget\" data-widget_type=\"heading.default\">\n\t\t\t\t<div class=\"elementor-widget-container\">\n\t\t\t\t\t<h3 class=\"elementor-heading-title elementor-size-default\">WIE ZU HAUSE \u2026 ABER MIT EINER WUNDERBAREN AUSSICHT!<\/h3>\t\t\t\t<\/div>\n\t\t\t\t<\/div>\n\t\t\t\t<div class=\"elementor-element elementor-element-14cfbb9 elementor-widget elementor-widget-text-editor\" data-id=\"14cfbb9\" data-element_type=\"widget\" data-widget_type=\"text-editor.default\">\n\t\t\t\t<div class=\"elementor-widget-container\">\n\t\t\t\t\t\t\t\t\t<p class=\"p1\"><span class=\"s1\">Von der Terrasse aller unserer <b>Ferienwohnungen<\/b>am <b>Comer See<\/b> haben Sie einen bezaubernden Blick auf den See und den majest\u00e4tischen Berg Legnone, der mit seinen 2609 m h\u00f6he einen herrlichen Blick auf die westlichen Orobie-Alpen bietet.<\/span><\/p><p class=\"p1\"><span class=\"s1\">Die im Jahr 2021 vollst\u00e4ndig renovierten <strong>Ferienwohnungen<\/strong>am <strong>Comer See<\/strong> befinden sich am Seeufer und werden von einem mehrere Kilometer langen Rad- \/ Fu\u00dfg\u00e4ngerweg bedient, der sie mit Domaso und den Nachbard\u00f6rfern verbindet.<\/span><\/p><p class=\"p1\"><span class=\"s1\">Sie sind die perfekte L\u00f6sung f\u00fcr Ihren <b>Urlaub<\/b> am<b>Comer See!<\/b><\/span><\/p>\t\t\t\t\t\t\t\t<\/div>\n\t\t\t\t<\/div>\n\t\t\t\t\t<\/div>\n\t\t<\/div>\n\t\t\t\t\t<\/div>\n\t\t<\/section>\n\t\t\t\t<section class=\"elementor-section elementor-top-section elementor-element elementor-element-2507f81 elementor-section-boxed elementor-section-height-default elementor-section-height-default\" data-id=\"2507f81\" data-element_type=\"section\">\n\t\t\t\t\t\t<div class=\"elementor-container elementor-column-gap-default\">\n\t\t\t\t\t<div class=\"elementor-column elementor-col-33 elementor-top-column elementor-element elementor-element-126ab6f\" data-id=\"126ab6f\" data-element_type=\"column\">\n\t\t\t<div class=\"elementor-widget-wrap elementor-element-populated\">\n\t\t\t\t\t\t<div class=\"elementor-element elementor-element-a5ef732 elementor-position-top elementor-widget elementor-widget-image-box\" data-id=\"a5ef732\" data-element_type=\"widget\" data-widget_type=\"image-box.default\">\n\t\t\t\t<div class=\"elementor-widget-container\">\n\t\t\t\t\t<div class=\"elementor-image-box-wrapper\"><figure class=\"elementor-image-box-img\"><a href=\"https:\/\/www.new.campingdomaso.com\/de\/wohnungen\/ferienwohnungen-direkt-am-see\/superior\/\" tabindex=\"-1\"><img fetchpriority=\"high\" decoding=\"async\" width=\"779\" height=\"519\" src=\"https:\/\/www.new.campingdomaso.com\/wp-content\/uploads\/2022\/06\/superior-1.jpg\" class=\"elementor-animation-grow attachment-full size-full wp-image-1453\" alt=\"\" srcset=\"https:\/\/www.new.campingdomaso.com\/wp-content\/uploads\/2022\/06\/superior-1.jpg 779w, https:\/\/www.new.campingdomaso.com\/wp-content\/uploads\/2022\/06\/superior-1-300x200.jpg 300w, https:\/\/www.new.campingdomaso.com\/wp-content\/uploads\/2022\/06\/superior-1-768x512.jpg 768w\" sizes=\"(max-width: 779px) 100vw, 779px\" \/><\/a><\/figure><div class=\"elementor-image-box-content\"><h3 class=\"elementor-image-box-title\"><a href=\"https:\/\/www.new.campingdomaso.com\/de\/wohnungen\/ferienwohnungen-direkt-am-see\/superior\/\">Superior<\/a><\/h3><p class=\"elementor-image-box-description\">Unsere Superior-Apartments sind die exklusivsten. Sie befinden sich im zweiten Stock und erm\u00f6glichen es Ihnen, sowohl die Sch\u00f6nheit unseres Sees als auch die der umliegenden Berge zu genie\u00dfen.\n\n<\/p><\/div><\/div>\t\t\t\t<\/div>\n\t\t\t\t<\/div>\n\t\t\t\t\t<\/div>\n\t\t<\/div>\n\t\t\t\t<div class=\"elementor-column elementor-col-33 elementor-top-column elementor-element elementor-element-0e8cdb7\" data-id=\"0e8cdb7\" data-element_type=\"column\">\n\t\t\t<div class=\"elementor-widget-wrap elementor-element-populated\">\n\t\t\t\t\t\t<div class=\"elementor-element elementor-element-dd5b3ce elementor-position-top elementor-widget elementor-widget-image-box\" data-id=\"dd5b3ce\" data-element_type=\"widget\" data-widget_type=\"image-box.default\">\n\t\t\t\t<div class=\"elementor-widget-container\">\n\t\t\t\t\t<div class=\"elementor-image-box-wrapper\"><figure class=\"elementor-image-box-img\"><a href=\"https:\/\/www.new.campingdomaso.com\/de\/wohnungen\/ferienwohnungen-direkt-am-see\/deluxe\/\" tabindex=\"-1\"><img decoding=\"async\" width=\"1918\" height=\"1280\" src=\"https:\/\/www.new.campingdomaso.com\/wp-content\/uploads\/2022\/06\/deluxe-5.jpg\" class=\"elementor-animation-grow attachment-full size-full wp-image-1528\" alt=\"\" srcset=\"https:\/\/www.new.campingdomaso.com\/wp-content\/uploads\/2022\/06\/deluxe-5.jpg 1918w, https:\/\/www.new.campingdomaso.com\/wp-content\/uploads\/2022\/06\/deluxe-5-300x200.jpg 300w, https:\/\/www.new.campingdomaso.com\/wp-content\/uploads\/2022\/06\/deluxe-5-1024x683.jpg 1024w, https:\/\/www.new.campingdomaso.com\/wp-content\/uploads\/2022\/06\/deluxe-5-768x513.jpg 768w, https:\/\/www.new.campingdomaso.com\/wp-content\/uploads\/2022\/06\/deluxe-5-1536x1025.jpg 1536w\" sizes=\"(max-width: 1918px) 100vw, 1918px\" \/><\/a><\/figure><div class=\"elementor-image-box-content\"><h3 class=\"elementor-image-box-title\"><a href=\"https:\/\/www.new.campingdomaso.com\/de\/wohnungen\/ferienwohnungen-direkt-am-see\/deluxe\/\">Deluxe<\/a><\/h3><p class=\"elementor-image-box-description\">Unsere Deluxe-Apartments verf\u00fcgen \u00fcber ein gro\u00dfes Panoramafenster, das Zugang zur privaten Terrasse mit Blick auf den See bietet, von der aus Sie eine atemberaubende Aussicht genie\u00dfen k\u00f6nnen.<\/p><\/div><\/div>\t\t\t\t<\/div>\n\t\t\t\t<\/div>\n\t\t\t\t\t<\/div>\n\t\t<\/div>\n\t\t\t\t<div class=\"elementor-column elementor-col-33 elementor-top-column elementor-element elementor-element-423b3d2\" data-id=\"423b3d2\" data-element_type=\"column\">\n\t\t\t<div class=\"elementor-widget-wrap elementor-element-populated\">\n\t\t\t\t\t\t<div class=\"elementor-element elementor-element-64b9885 elementor-position-top elementor-widget elementor-widget-image-box\" data-id=\"64b9885\" data-element_type=\"widget\" data-widget_type=\"image-box.default\">\n\t\t\t\t<div class=\"elementor-widget-container\">\n\t\t\t\t\t<div class=\"elementor-image-box-wrapper\"><figure class=\"elementor-image-box-img\"><a href=\"https:\/\/www.new.campingdomaso.com\/de\/wohnungen\/ferienwohnungen-direkt-am-see\/standard\/\" tabindex=\"-1\"><img decoding=\"async\" width=\"779\" height=\"520\" src=\"https:\/\/www.new.campingdomaso.com\/wp-content\/uploads\/2022\/06\/standard-1.jpg\" class=\"elementor-animation-grow attachment-full size-full wp-image-1462\" alt=\"\" srcset=\"https:\/\/www.new.campingdomaso.com\/wp-content\/uploads\/2022\/06\/standard-1.jpg 779w, https:\/\/www.new.campingdomaso.com\/wp-content\/uploads\/2022\/06\/standard-1-300x200.jpg 300w, https:\/\/www.new.campingdomaso.com\/wp-content\/uploads\/2022\/06\/standard-1-768x513.jpg 768w\" sizes=\"(max-width: 779px) 100vw, 779px\" \/><\/a><\/figure><div class=\"elementor-image-box-content\"><h3 class=\"elementor-image-box-title\"><a href=\"https:\/\/www.new.campingdomaso.com\/de\/wohnungen\/ferienwohnungen-direkt-am-see\/standard\/\">Standard<\/a><\/h3><p class=\"elementor-image-box-description\">Unsere Standard Wohnung enth\u00e4lt alles, was Sie in 30 m\u00b2 ben\u00f6tigen, und sein Hauptmerkmal ist die Helligkeit. <\/p><\/div><\/div>\t\t\t\t<\/div>\n\t\t\t\t<\/div>\n\t\t\t\t\t<\/div>\n\t\t<\/div>\n\t\t\t\t\t<\/div>\n\t\t<\/section>\n\t\t\t\t<\/div>\n\t\t","protected":false},"excerpt":{"rendered":"<p>WIE ZU HAUSE \u2026 ABER MIT EINER WUNDERBAREN AUSSICHT! Von der Terrasse aller unserer Ferienwohnungenam Comer See haben Sie einen bezaubernden Blick auf den See und den majest\u00e4tischen Berg Legnone, der mit seinen 2609 m h\u00f6he einen herrlichen Blick auf die westlichen Orobie-Alpen bietet. Die im Jahr 2021 vollst\u00e4ndig renovierten Ferienwohnungenam Comer See befinden sich [&hellip;]<\/p>\n","protected":false},"author":1,"featured_media":1474,"parent":1752,"menu_order":0,"comment_status":"closed","ping_status":"closed","template":"","meta":{"_acf_changed":false,"footnotes":""},"class_list":["post-1758","page","type-page","status-publish","has-post-thumbnail","hentry"],"acf":[],"yoast_head":"<!-- This site is optimized with the Yoast SEO plugin v26.3 - https:\/\/yoast.com\/wordpress\/plugins\/seo\/ -->\n<title>Ferienwohnungen Direkt am See - Camping Residence Gardenia, Domaso Lago di Como<\/title>\n<meta name=\"robots\" content=\"noindex, follow, max-snippet:-1, max-image-preview:large, max-video-preview:-1\" \/>\n<meta property=\"og:locale\" content=\"de_DE\" \/>\n<meta property=\"og:type\" content=\"article\" \/>\n<meta property=\"og:title\" content=\"Ferienwohnungen Direkt am See - Camping Residence Gardenia, Domaso Lago di Como\" \/>\n<meta property=\"og:description\" content=\"WIE ZU HAUSE \u2026 ABER MIT EINER WUNDERBAREN AUSSICHT! Von der Terrasse aller unserer Ferienwohnungenam Comer See haben Sie einen bezaubernden Blick auf den See und den majest\u00e4tischen Berg Legnone, der mit seinen 2609 m h\u00f6he einen herrlichen Blick auf die westlichen Orobie-Alpen bietet. Die im Jahr 2021 vollst\u00e4ndig renovierten Ferienwohnungenam Comer See befinden sich [&hellip;]\" \/>\n<meta property=\"og:url\" content=\"https:\/\/www.new.campingdomaso.com\/de\/wohnungen\/ferienwohnungen-direkt-am-see\/\" \/>\n<meta property=\"og:site_name\" content=\"Camping Residence Gardenia, Domaso Lago di Como\" \/>\n<meta property=\"article:publisher\" content=\"https:\/\/www.facebook.com\/campingardenia\" \/>\n<meta property=\"article:modified_time\" content=\"2022-09-23T13:41:31+00:00\" \/>\n<meta property=\"og:image\" content=\"https:\/\/www.new.campingdomaso.com\/wp-content\/uploads\/2022\/06\/superior-4.jpg\" \/>\n\t<meta property=\"og:image:width\" content=\"1920\" \/>\n\t<meta property=\"og:image:height\" content=\"1257\" \/>\n\t<meta property=\"og:image:type\" content=\"image\/jpeg\" \/>\n<meta name=\"twitter:card\" content=\"summary_large_image\" \/>\n<meta name=\"twitter:label1\" content=\"Gesch\u00e4tzte Lesezeit\" \/>\n\t<meta name=\"twitter:data1\" content=\"2\u00a0Minuten\" \/>\n<script type=\"application\/ld+json\" class=\"yoast-schema-graph\">{\"@context\":\"https:\/\/schema.org\",\"@graph\":[{\"@type\":\"WebPage\",\"@id\":\"https:\/\/www.new.campingdomaso.com\/de\/wohnungen\/ferienwohnungen-direkt-am-see\/\",\"url\":\"https:\/\/www.new.campingdomaso.com\/de\/wohnungen\/ferienwohnungen-direkt-am-see\/\",\"name\":\"Ferienwohnungen Direkt am See - Camping Residence Gardenia, Domaso Lago di Como\",\"isPartOf\":{\"@id\":\"https:\/\/www.new.campingdomaso.com\/de\/#website\"},\"primaryImageOfPage\":{\"@id\":\"https:\/\/www.new.campingdomaso.com\/de\/wohnungen\/ferienwohnungen-direkt-am-see\/#primaryimage\"},\"image\":{\"@id\":\"https:\/\/www.new.campingdomaso.com\/de\/wohnungen\/ferienwohnungen-direkt-am-see\/#primaryimage\"},\"thumbnailUrl\":\"https:\/\/www.new.campingdomaso.com\/wp-content\/uploads\/2022\/06\/superior-4.jpg\",\"datePublished\":\"2022-06-10T09:25:25+00:00\",\"dateModified\":\"2022-09-23T13:41:31+00:00\",\"breadcrumb\":{\"@id\":\"https:\/\/www.new.campingdomaso.com\/de\/wohnungen\/ferienwohnungen-direkt-am-see\/#breadcrumb\"},\"inLanguage\":\"de\",\"potentialAction\":[{\"@type\":\"ReadAction\",\"target\":[\"https:\/\/www.new.campingdomaso.com\/de\/wohnungen\/ferienwohnungen-direkt-am-see\/\"]}]},{\"@type\":\"ImageObject\",\"inLanguage\":\"de\",\"@id\":\"https:\/\/www.new.campingdomaso.com\/de\/wohnungen\/ferienwohnungen-direkt-am-see\/#primaryimage\",\"url\":\"https:\/\/www.new.campingdomaso.com\/wp-content\/uploads\/2022\/06\/superior-4.jpg\",\"contentUrl\":\"https:\/\/www.new.campingdomaso.com\/wp-content\/uploads\/2022\/06\/superior-4.jpg\",\"width\":1920,\"height\":1257},{\"@type\":\"BreadcrumbList\",\"@id\":\"https:\/\/www.new.campingdomaso.com\/de\/wohnungen\/ferienwohnungen-direkt-am-see\/#breadcrumb\",\"itemListElement\":[{\"@type\":\"ListItem\",\"position\":1,\"name\":\"Home\",\"item\":\"https:\/\/www.new.campingdomaso.com\/de\/\"},{\"@type\":\"ListItem\",\"position\":2,\"name\":\"Wohnungen\",\"item\":\"https:\/\/www.new.campingdomaso.com\/de\/wohnungen\/\"},{\"@type\":\"ListItem\",\"position\":3,\"name\":\"Ferienwohnungen Direkt am See\"}]},{\"@type\":\"WebSite\",\"@id\":\"https:\/\/www.new.campingdomaso.com\/de\/#website\",\"url\":\"https:\/\/www.new.campingdomaso.com\/de\/\",\"name\":\"Camping Residence Gardenia, Domaso Lago di Como\",\"description\":\"Camping Gardenia, ideale per coppie, famiglie e gruppi di amici. Domaso, Lago di Como\",\"publisher\":{\"@id\":\"https:\/\/www.new.campingdomaso.com\/de\/#organization\"},\"potentialAction\":[{\"@type\":\"SearchAction\",\"target\":{\"@type\":\"EntryPoint\",\"urlTemplate\":\"https:\/\/www.new.campingdomaso.com\/de\/?s={search_term_string}\"},\"query-input\":{\"@type\":\"PropertyValueSpecification\",\"valueRequired\":true,\"valueName\":\"search_term_string\"}}],\"inLanguage\":\"de\"},{\"@type\":\"Organization\",\"@id\":\"https:\/\/www.new.campingdomaso.com\/de\/#organization\",\"name\":\"Camping Residence Gardenia, Domaso - Lago di Como\",\"url\":\"https:\/\/www.new.campingdomaso.com\/de\/\",\"logo\":{\"@type\":\"ImageObject\",\"inLanguage\":\"de\",\"@id\":\"https:\/\/www.new.campingdomaso.com\/de\/#\/schema\/logo\/image\/\",\"url\":\"https:\/\/www.new.campingdomaso.com\/wp-content\/uploads\/2022\/05\/logo-gardenia.png\",\"contentUrl\":\"https:\/\/www.new.campingdomaso.com\/wp-content\/uploads\/2022\/05\/logo-gardenia.png\",\"width\":355,\"height\":147,\"caption\":\"Camping Residence Gardenia, Domaso - Lago di Como\"},\"image\":{\"@id\":\"https:\/\/www.new.campingdomaso.com\/de\/#\/schema\/logo\/image\/\"},\"sameAs\":[\"https:\/\/www.facebook.com\/campingardenia\",\"https:\/\/www.instagram.com\/campinggardenia\/\"]}]}<\/script>\n<!-- \/ Yoast SEO plugin. -->","yoast_head_json":{"title":"Ferienwohnungen Direkt am See - Camping Residence Gardenia, Domaso Lago di Como","robots":{"index":"noindex","follow":"follow","max-snippet":"max-snippet:-1","max-image-preview":"max-image-preview:large","max-video-preview":"max-video-preview:-1"},"og_locale":"de_DE","og_type":"article","og_title":"Ferienwohnungen Direkt am See - Camping Residence Gardenia, Domaso Lago di Como","og_description":"WIE ZU HAUSE \u2026 ABER MIT EINER WUNDERBAREN AUSSICHT! Von der Terrasse aller unserer Ferienwohnungenam Comer See haben Sie einen bezaubernden Blick auf den See und den majest\u00e4tischen Berg Legnone, der mit seinen 2609 m h\u00f6he einen herrlichen Blick auf die westlichen Orobie-Alpen bietet. Die im Jahr 2021 vollst\u00e4ndig renovierten Ferienwohnungenam Comer See befinden sich [&hellip;]","og_url":"https:\/\/www.new.campingdomaso.com\/de\/wohnungen\/ferienwohnungen-direkt-am-see\/","og_site_name":"Camping Residence Gardenia, Domaso Lago di Como","article_publisher":"https:\/\/www.facebook.com\/campingardenia","article_modified_time":"2022-09-23T13:41:31+00:00","og_image":[{"width":1920,"height":1257,"url":"https:\/\/www.new.campingdomaso.com\/wp-content\/uploads\/2022\/06\/superior-4.jpg","type":"image\/jpeg"}],"twitter_card":"summary_large_image","twitter_misc":{"Gesch\u00e4tzte Lesezeit":"2\u00a0Minuten"},"schema":{"@context":"https:\/\/schema.org","@graph":[{"@type":"WebPage","@id":"https:\/\/www.new.campingdomaso.com\/de\/wohnungen\/ferienwohnungen-direkt-am-see\/","url":"https:\/\/www.new.campingdomaso.com\/de\/wohnungen\/ferienwohnungen-direkt-am-see\/","name":"Ferienwohnungen Direkt am See - Camping Residence Gardenia, Domaso Lago di Como","isPartOf":{"@id":"https:\/\/www.new.campingdomaso.com\/de\/#website"},"primaryImageOfPage":{"@id":"https:\/\/www.new.campingdomaso.com\/de\/wohnungen\/ferienwohnungen-direkt-am-see\/#primaryimage"},"image":{"@id":"https:\/\/www.new.campingdomaso.com\/de\/wohnungen\/ferienwohnungen-direkt-am-see\/#primaryimage"},"thumbnailUrl":"https:\/\/www.new.campingdomaso.com\/wp-content\/uploads\/2022\/06\/superior-4.jpg","datePublished":"2022-06-10T09:25:25+00:00","dateModified":"2022-09-23T13:41:31+00:00","breadcrumb":{"@id":"https:\/\/www.new.campingdomaso.com\/de\/wohnungen\/ferienwohnungen-direkt-am-see\/#breadcrumb"},"inLanguage":"de","potentialAction":[{"@type":"ReadAction","target":["https:\/\/www.new.campingdomaso.com\/de\/wohnungen\/ferienwohnungen-direkt-am-see\/"]}]},{"@type":"ImageObject","inLanguage":"de","@id":"https:\/\/www.new.campingdomaso.com\/de\/wohnungen\/ferienwohnungen-direkt-am-see\/#primaryimage","url":"https:\/\/www.new.campingdomaso.com\/wp-content\/uploads\/2022\/06\/superior-4.jpg","contentUrl":"https:\/\/www.new.campingdomaso.com\/wp-content\/uploads\/2022\/06\/superior-4.jpg","width":1920,"height":1257},{"@type":"BreadcrumbList","@id":"https:\/\/www.new.campingdomaso.com\/de\/wohnungen\/ferienwohnungen-direkt-am-see\/#breadcrumb","itemListElement":[{"@type":"ListItem","position":1,"name":"Home","item":"https:\/\/www.new.campingdomaso.com\/de\/"},{"@type":"ListItem","position":2,"name":"Wohnungen","item":"https:\/\/www.new.campingdomaso.com\/de\/wohnungen\/"},{"@type":"ListItem","position":3,"name":"Ferienwohnungen Direkt am See"}]},{"@type":"WebSite","@id":"https:\/\/www.new.campingdomaso.com\/de\/#website","url":"https:\/\/www.new.campingdomaso.com\/de\/","name":"Camping Residence Gardenia, Domaso Lago di Como","description":"Camping Gardenia, ideale per coppie, famiglie e gruppi di amici. Domaso, Lago di Como","publisher":{"@id":"https:\/\/www.new.campingdomaso.com\/de\/#organization"},"potentialAction":[{"@type":"SearchAction","target":{"@type":"EntryPoint","urlTemplate":"https:\/\/www.new.campingdomaso.com\/de\/?s={search_term_string}"},"query-input":{"@type":"PropertyValueSpecification","valueRequired":true,"valueName":"search_term_string"}}],"inLanguage":"de"},{"@type":"Organization","@id":"https:\/\/www.new.campingdomaso.com\/de\/#organization","name":"Camping Residence Gardenia, Domaso - Lago di Como","url":"https:\/\/www.new.campingdomaso.com\/de\/","logo":{"@type":"ImageObject","inLanguage":"de","@id":"https:\/\/www.new.campingdomaso.com\/de\/#\/schema\/logo\/image\/","url":"https:\/\/www.new.campingdomaso.com\/wp-content\/uploads\/2022\/05\/logo-gardenia.png","contentUrl":"https:\/\/www.new.campingdomaso.com\/wp-content\/uploads\/2022\/05\/logo-gardenia.png","width":355,"height":147,"caption":"Camping Residence Gardenia, Domaso - Lago di Como"},"image":{"@id":"https:\/\/www.new.campingdomaso.com\/de\/#\/schema\/logo\/image\/"},"sameAs":["https:\/\/www.facebook.com\/campingardenia","https:\/\/www.instagram.com\/campinggardenia\/"]}]}},"_links":{"self":[{"href":"https:\/\/www.new.campingdomaso.com\/de\/wp-json\/wp\/v2\/pages\/1758","targetHints":{"allow":["GET"]}}],"collection":[{"href":"https:\/\/www.new.campingdomaso.com\/de\/wp-json\/wp\/v2\/pages"}],"about":[{"href":"https:\/\/www.new.campingdomaso.com\/de\/wp-json\/wp\/v2\/types\/page"}],"author":[{"embeddable":true,"href":"https:\/\/www.new.campingdomaso.com\/de\/wp-json\/wp\/v2\/users\/1"}],"replies":[{"embeddable":true,"href":"https:\/\/www.new.campingdomaso.com\/de\/wp-json\/wp\/v2\/comments?post=1758"}],"version-history":[{"count":21,"href":"https:\/\/www.new.campingdomaso.com\/de\/wp-json\/wp\/v2\/pages\/1758\/revisions"}],"predecessor-version":[{"id":3023,"href":"https:\/\/www.new.campingdomaso.com\/de\/wp-json\/wp\/v2\/pages\/1758\/revisions\/3023"}],"up":[{"embeddable":true,"href":"https:\/\/www.new.campingdomaso.com\/de\/wp-json\/wp\/v2\/pages\/1752"}],"wp:featuredmedia":[{"embeddable":true,"href":"https:\/\/www.new.campingdomaso.com\/de\/wp-json\/wp\/v2\/media\/1474"}],"wp:attachment":[{"href":"https:\/\/www.new.campingdomaso.com\/de\/wp-json\/wp\/v2\/media?parent=1758"}],"curies":[{"name":"wp","href":"https:\/\/api.w.org\/{rel}","templated":true}]}}