{"id":1748,"date":"2022-06-23T16:30:29","date_gmt":"2022-06-23T16:30:29","guid":{"rendered":"https:\/\/www.new.campingdomaso.com\/camping\/dog-friendly\/"},"modified":"2025-03-27T12:26:00","modified_gmt":"2025-03-27T12:26:00","slug":"dog-friendly","status":"publish","type":"page","link":"https:\/\/www.new.campingdomaso.com\/de\/camping\/dog-friendly\/","title":{"rendered":"Dog Friendly"},"content":{"rendered":"\t\t<div data-elementor-type=\"wp-page\" data-elementor-id=\"1748\" class=\"elementor elementor-1748 elementor-1161\" data-elementor-post-type=\"page\">\n\t\t\t\t\t\t<section class=\"elementor-section elementor-top-section elementor-element elementor-element-80283c3 elementor-reverse-mobile elementor-section-boxed elementor-section-height-default elementor-section-height-default\" data-id=\"80283c3\" data-element_type=\"section\">\n\t\t\t\t\t\t<div class=\"elementor-container elementor-column-gap-default\">\n\t\t\t\t\t<div class=\"elementor-column elementor-col-100 elementor-top-column elementor-element elementor-element-02574f4\" data-id=\"02574f4\" data-element_type=\"column\">\n\t\t\t<div class=\"elementor-widget-wrap elementor-element-populated\">\n\t\t\t\t\t\t<div class=\"elementor-element elementor-element-9dd2163 elementor-widget elementor-widget-heading\" data-id=\"9dd2163\" data-element_type=\"widget\" data-widget_type=\"heading.default\">\n\t\t\t\t<div class=\"elementor-widget-container\">\n\t\t\t\t\t<h2 class=\"elementor-heading-title elementor-size-default\">Camping am Comersee mit Hund erleben: Herzlich Willkommen!<\/h2>\t\t\t\t<\/div>\n\t\t\t\t<\/div>\n\t\t\t\t<div class=\"elementor-element elementor-element-4377a5b elementor-widget elementor-widget-text-editor\" data-id=\"4377a5b\" data-element_type=\"widget\" data-widget_type=\"text-editor.default\">\n\t\t\t\t<div class=\"elementor-widget-container\">\n\t\t\t\t\t\t\t\t\t<p>F\u00fcr <strong>Camping<\/strong> am Comer See mit dem Hund ist <a href=\"https:\/\/www.new.campingdomaso.com\/camping-lago-di-como-domaso\/\">Camping Gardenia<\/a> der perfekte Platz.<\/p><p>Ein Hund ist nicht nur ein Haustier, sondern Teil der Familie. Die nat\u00fcrliche Lage, eingebettet zwischen See und Berge, macht das Camping Gardenia zur idealen Urlaubsdestination f\u00fcr Camping am Comer See mit Hund.<\/p><p>Spazieren Sie mit Ihrem Hund zum Beispiel die Strandpromenade bis zum Zentrum nach Domaso entlang. Gerne kann Ihr Vierbeiner auch zum Schwimmen ins Wasser gehen.<\/p>\t\t\t\t\t\t\t\t<\/div>\n\t\t\t\t<\/div>\n\t\t\t\t\t<\/div>\n\t\t<\/div>\n\t\t\t\t\t<\/div>\n\t\t<\/section>\n\t\t\t\t<section class=\"elementor-section elementor-top-section elementor-element elementor-element-8cbdd76 elementor-reverse-mobile elementor-section-height-min-height elementor-section-boxed elementor-section-height-default elementor-section-items-middle\" data-id=\"8cbdd76\" data-element_type=\"section\" data-settings=\"{&quot;background_background&quot;:&quot;slideshow&quot;,&quot;background_slideshow_gallery&quot;:[{&quot;id&quot;:1165,&quot;url&quot;:&quot;https:\\\/\\\/www.new.campingdomaso.com\\\/wp-content\\\/uploads\\\/2022\\\/06\\\/dog-friendly-camping-domaso.jpg&quot;}],&quot;background_slideshow_slide_duration&quot;:2500,&quot;shape_divider_top&quot;:&quot;opacity-tilt&quot;,&quot;shape_divider_bottom&quot;:&quot;opacity-tilt&quot;,&quot;background_slideshow_loop&quot;:&quot;yes&quot;,&quot;background_slideshow_slide_transition&quot;:&quot;fade&quot;,&quot;background_slideshow_transition_duration&quot;:500}\">\n\t\t\t\t\t<div class=\"elementor-shape elementor-shape-top\" aria-hidden=\"true\" data-negative=\"false\">\n\t\t\t<svg xmlns=\"http:\/\/www.w3.org\/2000\/svg\" viewBox=\"0 0 2600 131.1\" preserveAspectRatio=\"none\">\n\t<path class=\"elementor-shape-fill\" d=\"M0 0L2600 0 2600 69.1 0 0z\"\/>\n\t<path class=\"elementor-shape-fill\" style=\"opacity:0.5\" d=\"M0 0L2600 0 2600 69.1 0 69.1z\"\/>\n\t<path class=\"elementor-shape-fill\" style=\"opacity:0.25\" d=\"M2600 0L0 0 0 130.1 2600 69.1z\"\/>\n<\/svg>\t\t<\/div>\n\t\t\t\t<div class=\"elementor-shape elementor-shape-bottom\" aria-hidden=\"true\" data-negative=\"false\">\n\t\t\t<svg xmlns=\"http:\/\/www.w3.org\/2000\/svg\" viewBox=\"0 0 2600 131.1\" preserveAspectRatio=\"none\">\n\t<path class=\"elementor-shape-fill\" d=\"M0 0L2600 0 2600 69.1 0 0z\"\/>\n\t<path class=\"elementor-shape-fill\" style=\"opacity:0.5\" d=\"M0 0L2600 0 2600 69.1 0 69.1z\"\/>\n\t<path class=\"elementor-shape-fill\" style=\"opacity:0.25\" d=\"M2600 0L0 0 0 130.1 2600 69.1z\"\/>\n<\/svg>\t\t<\/div>\n\t\t\t\t\t<div class=\"elementor-container elementor-column-gap-default\">\n\t\t\t\t\t<div class=\"elementor-column elementor-col-100 elementor-top-column elementor-element elementor-element-9b47d78\" data-id=\"9b47d78\" data-element_type=\"column\">\n\t\t\t<div class=\"elementor-widget-wrap\">\n\t\t\t\t\t\t\t<\/div>\n\t\t<\/div>\n\t\t\t\t\t<\/div>\n\t\t<\/section>\n\t\t\t\t<section class=\"elementor-section elementor-top-section elementor-element elementor-element-09a16f5 elementor-section-boxed elementor-section-height-default elementor-section-height-default\" data-id=\"09a16f5\" data-element_type=\"section\" data-settings=\"{&quot;background_background&quot;:&quot;classic&quot;,&quot;shape_divider_bottom&quot;:&quot;opacity-tilt&quot;}\">\n\t\t\t\t\t<div class=\"elementor-shape elementor-shape-bottom\" aria-hidden=\"true\" data-negative=\"false\">\n\t\t\t<svg xmlns=\"http:\/\/www.w3.org\/2000\/svg\" viewBox=\"0 0 2600 131.1\" preserveAspectRatio=\"none\">\n\t<path class=\"elementor-shape-fill\" d=\"M0 0L2600 0 2600 69.1 0 0z\"\/>\n\t<path class=\"elementor-shape-fill\" style=\"opacity:0.5\" d=\"M0 0L2600 0 2600 69.1 0 69.1z\"\/>\n\t<path class=\"elementor-shape-fill\" style=\"opacity:0.25\" d=\"M2600 0L0 0 0 130.1 2600 69.1z\"\/>\n<\/svg>\t\t<\/div>\n\t\t\t\t\t<div class=\"elementor-container elementor-column-gap-default\">\n\t\t\t\t\t<div class=\"elementor-column elementor-col-100 elementor-top-column elementor-element elementor-element-c01e684\" data-id=\"c01e684\" data-element_type=\"column\">\n\t\t\t<div class=\"elementor-widget-wrap elementor-element-populated\">\n\t\t\t\t\t\t<div class=\"elementor-element elementor-element-19a277c elementor-widget elementor-widget-heading\" data-id=\"19a277c\" data-element_type=\"widget\" data-widget_type=\"heading.default\">\n\t\t\t\t<div class=\"elementor-widget-container\">\n\t\t\t\t\t<h3 class=\"elementor-heading-title elementor-size-default\">Eifrig wandernde Hunde werden sogar belohnt und nach der Wanderung geht\u2019s ab unter die Hundedusche.<\/h3>\t\t\t\t<\/div>\n\t\t\t\t<\/div>\n\t\t\t\t<div class=\"elementor-element elementor-element-d6868a3 elementor-widget elementor-widget-text-editor\" data-id=\"d6868a3\" data-element_type=\"widget\" data-widget_type=\"text-editor.default\">\n\t\t\t\t<div class=\"elementor-widget-container\">\n\t\t\t\t\t\t\t\t\t<p>10 Minuten weit vom Camping Gardenia gibt es Fluss Liro: ein k\u00fchles Bad im Fluss ist f\u00fcr viele Hunde ein wahrer Genuss.<\/p><p>In der Nebensaison fallen f\u00fcr Ihren Vierbeiner keine Kosten auf unserem Campingplatz an.<\/p><p>Viel Spass beim <strong>Campingurlaub<\/strong> am Comer See mit Hund!<\/p>\t\t\t\t\t\t\t\t<\/div>\n\t\t\t\t<\/div>\n\t\t\t\t\t<\/div>\n\t\t<\/div>\n\t\t\t\t\t<\/div>\n\t\t<\/section>\n\t\t\t\t<section class=\"elementor-section elementor-top-section elementor-element elementor-element-b195203 elementor-reverse-mobile elementor-section-boxed elementor-section-height-default elementor-section-height-default\" data-id=\"b195203\" data-element_type=\"section\" data-settings=\"{&quot;shape_divider_top&quot;:&quot;opacity-tilt&quot;,&quot;shape_divider_bottom&quot;:&quot;opacity-tilt&quot;}\">\n\t\t\t\t\t<div class=\"elementor-shape elementor-shape-top\" aria-hidden=\"true\" data-negative=\"false\">\n\t\t\t<svg xmlns=\"http:\/\/www.w3.org\/2000\/svg\" viewBox=\"0 0 2600 131.1\" preserveAspectRatio=\"none\">\n\t<path class=\"elementor-shape-fill\" d=\"M0 0L2600 0 2600 69.1 0 0z\"\/>\n\t<path class=\"elementor-shape-fill\" style=\"opacity:0.5\" d=\"M0 0L2600 0 2600 69.1 0 69.1z\"\/>\n\t<path class=\"elementor-shape-fill\" style=\"opacity:0.25\" d=\"M2600 0L0 0 0 130.1 2600 69.1z\"\/>\n<\/svg>\t\t<\/div>\n\t\t\t\t<div class=\"elementor-shape elementor-shape-bottom\" aria-hidden=\"true\" data-negative=\"false\">\n\t\t\t<svg xmlns=\"http:\/\/www.w3.org\/2000\/svg\" viewBox=\"0 0 2600 131.1\" preserveAspectRatio=\"none\">\n\t<path class=\"elementor-shape-fill\" d=\"M0 0L2600 0 2600 69.1 0 0z\"\/>\n\t<path class=\"elementor-shape-fill\" style=\"opacity:0.5\" d=\"M0 0L2600 0 2600 69.1 0 69.1z\"\/>\n\t<path class=\"elementor-shape-fill\" style=\"opacity:0.25\" d=\"M2600 0L0 0 0 130.1 2600 69.1z\"\/>\n<\/svg>\t\t<\/div>\n\t\t\t\t\t<div class=\"elementor-container elementor-column-gap-default\">\n\t\t\t\t\t<div class=\"elementor-column elementor-col-100 elementor-top-column elementor-element elementor-element-a47c8b4\" data-id=\"a47c8b4\" data-element_type=\"column\">\n\t\t\t<div class=\"elementor-widget-wrap elementor-element-populated\">\n\t\t\t\t\t\t<div class=\"elementor-element elementor-element-ee1b07f elementor-widget elementor-widget-heading\" data-id=\"ee1b07f\" data-element_type=\"widget\" data-widget_type=\"heading.default\">\n\t\t\t\t<div class=\"elementor-widget-container\">\n\t\t\t\t\t<h3 class=\"elementor-heading-title elementor-size-default\">Preise:<\/h3>\t\t\t\t<\/div>\n\t\t\t\t<\/div>\n\t\t\t\t<div class=\"elementor-element elementor-element-981f3da elementor-widget elementor-widget-shortcode\" data-id=\"981f3da\" data-element_type=\"widget\" data-widget_type=\"shortcode.default\">\n\t\t\t\t<div class=\"elementor-widget-container\">\n\t\t\t\t\t\t\t<div class=\"elementor-shortcode\">\n<table id=\"tablepress-dogIT\" class=\"tablepress tablepress-id-dogIT\">\n<tbody class=\"row-striping row-hover\">\n<tr class=\"row-1\">\n\t<td class=\"column-1\"><\/td><td class=\"column-2\">Bassa stagione<br>\n27-03 \/ 01-04<br>\n07-04 \/ 30-04<br>\n04-10 \/ 18-10<\/td><td class=\"column-3\">Media stagione<br>\n30-04 \/ 08-05<br>\n13-09 \/ 04-10<\/td><td class=\"column-4\">Alta stagione<br>\n01-04 \/ 07-04<br>\n08-05 \/ 13-09<\/td>\n<\/tr>\n<tr class=\"row-2\">\n\t<td class=\"column-1\">Cane<\/td><td class=\"column-2\">Gratis<\/td><td class=\"column-3\">4.00 \u20ac<\/td><td class=\"column-4\">4.00 \u20ac<\/td>\n<\/tr>\n<\/tbody>\n<\/table>\n<!-- #tablepress-dogIT from cache --><\/div>\n\t\t\t\t\t\t<\/div>\n\t\t\t\t<\/div>\n\t\t\t\t<div class=\"elementor-element elementor-element-170fbe7 elementor-position-left elementor-view-default elementor-mobile-position-top elementor-widget elementor-widget-icon-box\" data-id=\"170fbe7\" data-element_type=\"widget\" data-widget_type=\"icon-box.default\">\n\t\t\t\t<div class=\"elementor-widget-container\">\n\t\t\t\t\t\t\t<div class=\"elementor-icon-box-wrapper\">\n\n\t\t\t\t\t\t<div class=\"elementor-icon-box-icon\">\n\t\t\t\t<span  class=\"elementor-icon\">\n\t\t\t\t<i aria-hidden=\"true\" class=\"fas fa-exclamation-triangle\"><\/i>\t\t\t\t<\/span>\n\t\t\t<\/div>\n\t\t\t\n\t\t\t\t\t\t<div class=\"elementor-icon-box-content\">\n\n\t\t\t\t\n\t\t\t\t\t\t\t\t\t<p class=\"elementor-icon-box-description\">\n\t\t\t\t\t\tHunde sind auf dem Campingplatz und in der Bar erlaubt. <b>Sie m\u00fcssen immer an der Leine gef\u00fchrt werden, auch auf Ihrem eigenen Stellplatz. <\/b>\nSie m\u00fcssen den Hund au\u00dferhalb des Campingplatzes ausf\u00fchren. \nBitte denken Sie daran, die Exkremente aufzusammeln und ordnungsgem\u00e4\u00df zu entsorgen. Wir verweisen auf die Verordnung n.09-2011 der Kommune von Domaso.\t\t\t\t\t<\/p>\n\t\t\t\t\n\t\t\t<\/div>\n\t\t\t\n\t\t<\/div>\n\t\t\t\t\t\t<\/div>\n\t\t\t\t<\/div>\n\t\t\t\t\t<\/div>\n\t\t<\/div>\n\t\t\t\t\t<\/div>\n\t\t<\/section>\n\t\t\t\t<\/div>\n\t\t","protected":false},"excerpt":{"rendered":"<p>Camping am Comersee mit Hund erleben: Herzlich Willkommen! F\u00fcr Camping am Comer See mit dem Hund ist Camping Gardenia der perfekte Platz. Ein Hund ist nicht nur ein Haustier, sondern Teil der Familie. Die nat\u00fcrliche Lage, eingebettet zwischen See und Berge, macht das Camping Gardenia zur idealen Urlaubsdestination f\u00fcr Camping am Comer See mit Hund. [&hellip;]<\/p>\n","protected":false},"author":1,"featured_media":1618,"parent":1702,"menu_order":0,"comment_status":"closed","ping_status":"closed","template":"","meta":{"_acf_changed":false,"footnotes":""},"class_list":["post-1748","page","type-page","status-publish","has-post-thumbnail","hentry"],"acf":[],"yoast_head":"<!-- This site is optimized with the Yoast SEO plugin v26.3 - https:\/\/yoast.com\/wordpress\/plugins\/seo\/ -->\n<title>Dog Friendly - Camping Residence Gardenia, Domaso Lago di Como<\/title>\n<meta name=\"robots\" content=\"noindex, follow, max-snippet:-1, max-image-preview:large, max-video-preview:-1\" \/>\n<meta property=\"og:locale\" content=\"de_DE\" \/>\n<meta property=\"og:type\" content=\"article\" \/>\n<meta property=\"og:title\" content=\"Dog Friendly - Camping Residence Gardenia, Domaso Lago di Como\" \/>\n<meta property=\"og:description\" content=\"Camping am Comersee mit Hund erleben: Herzlich Willkommen! F\u00fcr Camping am Comer See mit dem Hund ist Camping Gardenia der perfekte Platz. Ein Hund ist nicht nur ein Haustier, sondern Teil der Familie. Die nat\u00fcrliche Lage, eingebettet zwischen See und Berge, macht das Camping Gardenia zur idealen Urlaubsdestination f\u00fcr Camping am Comer See mit Hund. [&hellip;]\" \/>\n<meta property=\"og:url\" content=\"https:\/\/www.new.campingdomaso.com\/de\/camping\/dog-friendly\/\" \/>\n<meta property=\"og:site_name\" content=\"Camping Residence Gardenia, Domaso Lago di Como\" \/>\n<meta property=\"article:publisher\" content=\"https:\/\/www.facebook.com\/campingardenia\" \/>\n<meta property=\"article:modified_time\" content=\"2025-03-27T12:26:00+00:00\" \/>\n<meta property=\"og:image\" content=\"https:\/\/www.new.campingdomaso.com\/wp-content\/uploads\/2022\/06\/dog-friendly-camping-domaso-2-scaled.jpg\" \/>\n\t<meta property=\"og:image:width\" content=\"1707\" \/>\n\t<meta property=\"og:image:height\" content=\"2560\" \/>\n\t<meta property=\"og:image:type\" content=\"image\/jpeg\" \/>\n<meta name=\"twitter:card\" content=\"summary_large_image\" \/>\n<meta name=\"twitter:label1\" content=\"Gesch\u00e4tzte Lesezeit\" \/>\n\t<meta name=\"twitter:data1\" content=\"1\u00a0Minute\" \/>\n<script type=\"application\/ld+json\" class=\"yoast-schema-graph\">{\"@context\":\"https:\/\/schema.org\",\"@graph\":[{\"@type\":\"WebPage\",\"@id\":\"https:\/\/www.new.campingdomaso.com\/de\/camping\/dog-friendly\/\",\"url\":\"https:\/\/www.new.campingdomaso.com\/de\/camping\/dog-friendly\/\",\"name\":\"Dog Friendly - Camping Residence Gardenia, Domaso Lago di Como\",\"isPartOf\":{\"@id\":\"https:\/\/www.new.campingdomaso.com\/de\/#website\"},\"primaryImageOfPage\":{\"@id\":\"https:\/\/www.new.campingdomaso.com\/de\/camping\/dog-friendly\/#primaryimage\"},\"image\":{\"@id\":\"https:\/\/www.new.campingdomaso.com\/de\/camping\/dog-friendly\/#primaryimage\"},\"thumbnailUrl\":\"https:\/\/www.new.campingdomaso.com\/wp-content\/uploads\/2022\/06\/dog-friendly-camping-domaso-2-scaled.jpg\",\"datePublished\":\"2022-06-23T16:30:29+00:00\",\"dateModified\":\"2025-03-27T12:26:00+00:00\",\"breadcrumb\":{\"@id\":\"https:\/\/www.new.campingdomaso.com\/de\/camping\/dog-friendly\/#breadcrumb\"},\"inLanguage\":\"de\",\"potentialAction\":[{\"@type\":\"ReadAction\",\"target\":[\"https:\/\/www.new.campingdomaso.com\/de\/camping\/dog-friendly\/\"]}]},{\"@type\":\"ImageObject\",\"inLanguage\":\"de\",\"@id\":\"https:\/\/www.new.campingdomaso.com\/de\/camping\/dog-friendly\/#primaryimage\",\"url\":\"https:\/\/www.new.campingdomaso.com\/wp-content\/uploads\/2022\/06\/dog-friendly-camping-domaso-2-scaled.jpg\",\"contentUrl\":\"https:\/\/www.new.campingdomaso.com\/wp-content\/uploads\/2022\/06\/dog-friendly-camping-domaso-2-scaled.jpg\",\"width\":1707,\"height\":2560},{\"@type\":\"BreadcrumbList\",\"@id\":\"https:\/\/www.new.campingdomaso.com\/de\/camping\/dog-friendly\/#breadcrumb\",\"itemListElement\":[{\"@type\":\"ListItem\",\"position\":1,\"name\":\"Home\",\"item\":\"https:\/\/www.new.campingdomaso.com\/de\/\"},{\"@type\":\"ListItem\",\"position\":2,\"name\":\"Camping\",\"item\":\"https:\/\/www.new.campingdomaso.com\/de\/camping\/\"},{\"@type\":\"ListItem\",\"position\":3,\"name\":\"Dog Friendly\"}]},{\"@type\":\"WebSite\",\"@id\":\"https:\/\/www.new.campingdomaso.com\/de\/#website\",\"url\":\"https:\/\/www.new.campingdomaso.com\/de\/\",\"name\":\"Camping Residence Gardenia, Domaso Lago di Como\",\"description\":\"Camping Gardenia, ideale per coppie, famiglie e gruppi di amici. Domaso, Lago di Como\",\"publisher\":{\"@id\":\"https:\/\/www.new.campingdomaso.com\/de\/#organization\"},\"potentialAction\":[{\"@type\":\"SearchAction\",\"target\":{\"@type\":\"EntryPoint\",\"urlTemplate\":\"https:\/\/www.new.campingdomaso.com\/de\/?s={search_term_string}\"},\"query-input\":{\"@type\":\"PropertyValueSpecification\",\"valueRequired\":true,\"valueName\":\"search_term_string\"}}],\"inLanguage\":\"de\"},{\"@type\":\"Organization\",\"@id\":\"https:\/\/www.new.campingdomaso.com\/de\/#organization\",\"name\":\"Camping Residence Gardenia, Domaso - Lago di Como\",\"url\":\"https:\/\/www.new.campingdomaso.com\/de\/\",\"logo\":{\"@type\":\"ImageObject\",\"inLanguage\":\"de\",\"@id\":\"https:\/\/www.new.campingdomaso.com\/de\/#\/schema\/logo\/image\/\",\"url\":\"https:\/\/www.new.campingdomaso.com\/wp-content\/uploads\/2022\/05\/logo-gardenia.png\",\"contentUrl\":\"https:\/\/www.new.campingdomaso.com\/wp-content\/uploads\/2022\/05\/logo-gardenia.png\",\"width\":355,\"height\":147,\"caption\":\"Camping Residence Gardenia, Domaso - Lago di Como\"},\"image\":{\"@id\":\"https:\/\/www.new.campingdomaso.com\/de\/#\/schema\/logo\/image\/\"},\"sameAs\":[\"https:\/\/www.facebook.com\/campingardenia\",\"https:\/\/www.instagram.com\/campinggardenia\/\"]}]}<\/script>\n<!-- \/ Yoast SEO plugin. -->","yoast_head_json":{"title":"Dog Friendly - Camping Residence Gardenia, Domaso Lago di Como","robots":{"index":"noindex","follow":"follow","max-snippet":"max-snippet:-1","max-image-preview":"max-image-preview:large","max-video-preview":"max-video-preview:-1"},"og_locale":"de_DE","og_type":"article","og_title":"Dog Friendly - Camping Residence Gardenia, Domaso Lago di Como","og_description":"Camping am Comersee mit Hund erleben: Herzlich Willkommen! F\u00fcr Camping am Comer See mit dem Hund ist Camping Gardenia der perfekte Platz. Ein Hund ist nicht nur ein Haustier, sondern Teil der Familie. Die nat\u00fcrliche Lage, eingebettet zwischen See und Berge, macht das Camping Gardenia zur idealen Urlaubsdestination f\u00fcr Camping am Comer See mit Hund. [&hellip;]","og_url":"https:\/\/www.new.campingdomaso.com\/de\/camping\/dog-friendly\/","og_site_name":"Camping Residence Gardenia, Domaso Lago di Como","article_publisher":"https:\/\/www.facebook.com\/campingardenia","article_modified_time":"2025-03-27T12:26:00+00:00","og_image":[{"width":1707,"height":2560,"url":"https:\/\/www.new.campingdomaso.com\/wp-content\/uploads\/2022\/06\/dog-friendly-camping-domaso-2-scaled.jpg","type":"image\/jpeg"}],"twitter_card":"summary_large_image","twitter_misc":{"Gesch\u00e4tzte Lesezeit":"1\u00a0Minute"},"schema":{"@context":"https:\/\/schema.org","@graph":[{"@type":"WebPage","@id":"https:\/\/www.new.campingdomaso.com\/de\/camping\/dog-friendly\/","url":"https:\/\/www.new.campingdomaso.com\/de\/camping\/dog-friendly\/","name":"Dog Friendly - Camping Residence Gardenia, Domaso Lago di Como","isPartOf":{"@id":"https:\/\/www.new.campingdomaso.com\/de\/#website"},"primaryImageOfPage":{"@id":"https:\/\/www.new.campingdomaso.com\/de\/camping\/dog-friendly\/#primaryimage"},"image":{"@id":"https:\/\/www.new.campingdomaso.com\/de\/camping\/dog-friendly\/#primaryimage"},"thumbnailUrl":"https:\/\/www.new.campingdomaso.com\/wp-content\/uploads\/2022\/06\/dog-friendly-camping-domaso-2-scaled.jpg","datePublished":"2022-06-23T16:30:29+00:00","dateModified":"2025-03-27T12:26:00+00:00","breadcrumb":{"@id":"https:\/\/www.new.campingdomaso.com\/de\/camping\/dog-friendly\/#breadcrumb"},"inLanguage":"de","potentialAction":[{"@type":"ReadAction","target":["https:\/\/www.new.campingdomaso.com\/de\/camping\/dog-friendly\/"]}]},{"@type":"ImageObject","inLanguage":"de","@id":"https:\/\/www.new.campingdomaso.com\/de\/camping\/dog-friendly\/#primaryimage","url":"https:\/\/www.new.campingdomaso.com\/wp-content\/uploads\/2022\/06\/dog-friendly-camping-domaso-2-scaled.jpg","contentUrl":"https:\/\/www.new.campingdomaso.com\/wp-content\/uploads\/2022\/06\/dog-friendly-camping-domaso-2-scaled.jpg","width":1707,"height":2560},{"@type":"BreadcrumbList","@id":"https:\/\/www.new.campingdomaso.com\/de\/camping\/dog-friendly\/#breadcrumb","itemListElement":[{"@type":"ListItem","position":1,"name":"Home","item":"https:\/\/www.new.campingdomaso.com\/de\/"},{"@type":"ListItem","position":2,"name":"Camping","item":"https:\/\/www.new.campingdomaso.com\/de\/camping\/"},{"@type":"ListItem","position":3,"name":"Dog Friendly"}]},{"@type":"WebSite","@id":"https:\/\/www.new.campingdomaso.com\/de\/#website","url":"https:\/\/www.new.campingdomaso.com\/de\/","name":"Camping Residence Gardenia, Domaso Lago di Como","description":"Camping Gardenia, ideale per coppie, famiglie e gruppi di amici. Domaso, Lago di Como","publisher":{"@id":"https:\/\/www.new.campingdomaso.com\/de\/#organization"},"potentialAction":[{"@type":"SearchAction","target":{"@type":"EntryPoint","urlTemplate":"https:\/\/www.new.campingdomaso.com\/de\/?s={search_term_string}"},"query-input":{"@type":"PropertyValueSpecification","valueRequired":true,"valueName":"search_term_string"}}],"inLanguage":"de"},{"@type":"Organization","@id":"https:\/\/www.new.campingdomaso.com\/de\/#organization","name":"Camping Residence Gardenia, Domaso - Lago di Como","url":"https:\/\/www.new.campingdomaso.com\/de\/","logo":{"@type":"ImageObject","inLanguage":"de","@id":"https:\/\/www.new.campingdomaso.com\/de\/#\/schema\/logo\/image\/","url":"https:\/\/www.new.campingdomaso.com\/wp-content\/uploads\/2022\/05\/logo-gardenia.png","contentUrl":"https:\/\/www.new.campingdomaso.com\/wp-content\/uploads\/2022\/05\/logo-gardenia.png","width":355,"height":147,"caption":"Camping Residence Gardenia, Domaso - Lago di Como"},"image":{"@id":"https:\/\/www.new.campingdomaso.com\/de\/#\/schema\/logo\/image\/"},"sameAs":["https:\/\/www.facebook.com\/campingardenia","https:\/\/www.instagram.com\/campinggardenia\/"]}]}},"_links":{"self":[{"href":"https:\/\/www.new.campingdomaso.com\/de\/wp-json\/wp\/v2\/pages\/1748","targetHints":{"allow":["GET"]}}],"collection":[{"href":"https:\/\/www.new.campingdomaso.com\/de\/wp-json\/wp\/v2\/pages"}],"about":[{"href":"https:\/\/www.new.campingdomaso.com\/de\/wp-json\/wp\/v2\/types\/page"}],"author":[{"embeddable":true,"href":"https:\/\/www.new.campingdomaso.com\/de\/wp-json\/wp\/v2\/users\/1"}],"replies":[{"embeddable":true,"href":"https:\/\/www.new.campingdomaso.com\/de\/wp-json\/wp\/v2\/comments?post=1748"}],"version-history":[{"count":18,"href":"https:\/\/www.new.campingdomaso.com\/de\/wp-json\/wp\/v2\/pages\/1748\/revisions"}],"predecessor-version":[{"id":4104,"href":"https:\/\/www.new.campingdomaso.com\/de\/wp-json\/wp\/v2\/pages\/1748\/revisions\/4104"}],"up":[{"embeddable":true,"href":"https:\/\/www.new.campingdomaso.com\/de\/wp-json\/wp\/v2\/pages\/1702"}],"wp:featuredmedia":[{"embeddable":true,"href":"https:\/\/www.new.campingdomaso.com\/de\/wp-json\/wp\/v2\/media\/1618"}],"wp:attachment":[{"href":"https:\/\/www.new.campingdomaso.com\/de\/wp-json\/wp\/v2\/media?parent=1748"}],"curies":[{"name":"wp","href":"https:\/\/api.w.org\/{rel}","templated":true}]}}